{"id":85,"date":"2021-12-21T06:08:57","date_gmt":"2021-12-21T05:08:57","guid":{"rendered":"http:\/\/osiolek.eu\/?page_id=85"},"modified":"2025-07-05T14:11:12","modified_gmt":"2025-07-05T12:11:12","slug":"polityka-prywatnosci","status":"publish","type":"page","link":"https:\/\/osiolek.eu\/index.php\/polityka-prywatnosci\/","title":{"rendered":"Polityka Prywatno\u015bci"},"content":{"rendered":"\n<p>Polityka prywatno\u015bci serwisu <strong>OSIOLEK.EU<\/strong><\/p>\n\n\n\n<ol class=\"wp-block-list\">\n<li>Informacje og\u00f3lne<\/li>\n<\/ol>\n\n\n\n<p>Niniejsza Polityka Prywatno\u015bci okre\u015bla zasady przetwarzania i ochrony danych osobowych przekazanych przez U\u017cytkownik\u00f3w w zwi\u0105zku z korzystaniem przez nich us\u0142ug sklepu internetowego poprzez Serwis.<\/p>\n\n\n\n<p>2. Administratorem danych osobowych zawartych w serwisie jest:<\/p>\n\n\n\n<p>World Industry Programming &#8222;WIP&#8221; Sp. z o.o. z siedzib\u0105 w Bielsku-Bia\u0142ej 43-300 przy ul. Piekarskiej 50.<\/p>\n\n\n\n<p>3. W trosce o bezpiecze\u0144stwo powierzonych nam danych opracowali\u015bmy wewn\u0119trzne procedury i zalecenia, kt\u00f3re maj\u0105 zapobiec udost\u0119pnieniu danych osobom nieupowa\u017cnionym. Kontrolujemy ich wykonywanie i stale sprawdzamy ich zgodno\u015b\u0107 z odpowiednimi aktami prawnymi &#8211; ustaw\u0105 o ochronie danych osobowych, ustaw\u0105 o \u015bwiadczeniu us\u0142ug drog\u0105 elektroniczn\u0105, a tak\u017ce wszelkiego rodzaju aktach wykonawczych i aktach prawa wsp\u00f3lnotowego.<\/p>\n\n\n\n<p>4. Dane Osobowe przetwarzane s\u0105 na podstawie zgody wyra\u017canej przez U\u017cytkownika oraz w przypadkach, w kt\u00f3rych przepisy prawa upowa\u017cniaj\u0105 Administratora do przetwarzania danych osobowych na podstawie przepis\u00f3w prawa lub w celu realizacji zawartej pomi\u0119dzy stronami umowy.<\/p>\n\n\n\n<p>5. Serwis realizuje funkcje pozyskiwania informacji o u\u017cytkownikach i ich zachowaniach w nast\u0119puj\u0105cy spos\u00f3b:<\/p>\n\n\n\n<ol style=\"list-style-type:lower-alpha\" class=\"wp-block-list\">\n<li>Poprzez dobrowolnie wprowadzone w formularzach informacje.<\/li>\n\n\n\n<li>Poprzez gromadzenie plik\u00f3w \u201ccookies\u201d [patrz polityka plik\u00f3w \u201ccookies\u201d].<\/li>\n<\/ol>\n\n\n\n<p>6. Serwis zbiera informacje dobrowolnie podane przez u\u017cytkownika.<\/p>\n\n\n\n<p>7. Dane podane w formularzu s\u0105 przetwarzane w celu dokonania procesu zam\u00f3wienia towaru w serwisie.<\/p>\n\n\n\n<p>8. Dane osobowe pozostawione w serwisie nie zostan\u0105 sprzedane ani udost\u0119pnione osobom trzecim, zgodnie z przepisami Ustawy o ochronie danych osobowych.<\/p>\n\n\n\n<p>9. Do danych zawartych w formularzu przys\u0142uguje wgl\u0105d osobie fizycznej, kt\u00f3ra je tam umie\u015bci\u0142a. Osoba ta ma r\u00f3wnie\u017c prawo do modyfikacji i zaprzestania przetwarzania swoich danych w dowolnym momencie.<\/p>\n\n\n\n<p>10. Zastrzegamy sobie prawo do zmiany w polityce ochrony prywatno\u015bci serwisu, na kt\u00f3re mo\u017ce wp\u0142yn\u0105\u0107 rozw\u00f3j technologii internetowej, ewentualne zmiany prawa w zakresie ochrony danych osobowych oraz rozw\u00f3j naszego serwisu internetowego. O wszelkich zmianach b\u0119dziemy informowa\u0107 w spos\u00f3b widoczny i zrozumia\u0142y.<\/p>\n\n\n\n<p>W razie w\u0105tpliwo\u015bci do kt\u00f3regokolwiek z zapis\u00f3w niniejszej polityki prywatno\u015bci jeste\u015bmy do dyspozycji pod adresem: marcin.worecki@innerweb.pl<\/p>\n","protected":false},"excerpt":{"rendered":"<p>Polityka prywatno\u015bci serwisu OSIOLEK.EU Niniejsza Polityka Prywatno\u015bci okre\u015bla zasady przetwarzania i ochrony danych osobowych przekazanych przez U\u017cytkownik\u00f3w w zwi\u0105zku z korzystaniem przez nich us\u0142ug sklepu internetowego poprzez Serwis. 2. Administratorem danych osobowych zawartych w serwisie jest: World Industry Programming &#8222;WIP&#8221; Sp. z o.o. z siedzib\u0105 w Bielsku-Bia\u0142ej 43-300 przy ul. Piekarskiej 50. 3. W trosce [&hellip;]<\/p>\n","protected":false},"author":2,"featured_media":0,"parent":0,"menu_order":0,"comment_status":"closed","ping_status":"closed","template":"","meta":{"spay_email":"","footnotes":""},"class_list":["post-85","page","type-page","status-publish","hentry"],"blocksy_meta":[],"_links":{"self":[{"href":"https:\/\/osiolek.eu\/index.php\/wp-json\/wp\/v2\/pages\/85","targetHints":{"allow":["GET"]}}],"collection":[{"href":"https:\/\/osiolek.eu\/index.php\/wp-json\/wp\/v2\/pages"}],"about":[{"href":"https:\/\/osiolek.eu\/index.php\/wp-json\/wp\/v2\/types\/page"}],"author":[{"embeddable":true,"href":"https:\/\/osiolek.eu\/index.php\/wp-json\/wp\/v2\/users\/2"}],"replies":[{"embeddable":true,"href":"https:\/\/osiolek.eu\/index.php\/wp-json\/wp\/v2\/comments?post=85"}],"version-history":[{"count":5,"href":"https:\/\/osiolek.eu\/index.php\/wp-json\/wp\/v2\/pages\/85\/revisions"}],"predecessor-version":[{"id":132,"href":"https:\/\/osiolek.eu\/index.php\/wp-json\/wp\/v2\/pages\/85\/revisions\/132"}],"wp:attachment":[{"href":"https:\/\/osiolek.eu\/index.php\/wp-json\/wp\/v2\/media?parent=85"}],"curies":[{"name":"wp","href":"https:\/\/api.w.org\/{rel}","templated":true}]}}