{"id":39,"date":"2021-12-18T17:02:26","date_gmt":"2021-12-18T16:02:26","guid":{"rendered":"http:\/\/osiolek.eu\/index.php\/produkt\/hoodie-with-logo\/"},"modified":"2025-07-21T06:29:51","modified_gmt":"2025-07-21T04:29:51","slug":"hoodie-with-logo","status":"publish","type":"product","link":"https:\/\/osiolek.eu\/index.php\/produkt\/hoodie-with-logo\/","title":{"rendered":"Spersonalizowana wersja Twojego Osio\u0142ka &#8211; druk 3D"},"content":{"rendered":"<p>Osio\u0142ek to gra towarzyska dla dzieci (7+) i doros\u0142ych (dowolna ilo\u015b\u0107 os\u00f3b, rekomendujemy gr\u0119 w sk\u0142adzie powy\u017cej &gt; 4 os\u00f3b).<\/p>\n<p>Gra dostarcza <strong>du\u017c\u0105 dawk\u0119 pozytywnych emocji<\/strong>, w kr\u00f3tkim czasie i jest bardzo prosta.<br \/>\nRozgrywka trwa ok. 30 min.<\/p>\n<p><strong>Personalizowana wersja osio\u0142ka<\/strong> pozwala na <strong>dowoln\u0105 konfiguracj\u0119 kolor\u00f3w<\/strong> z zachowaniem kontrastu mi\u0119dzy t\u0142em a liczb\u0105 kr\u0105\u017cka. Ta wersja Osio\u0142ka produkowana jest z wykorzystaniem <strong>drukarki 3D<\/strong>. Mo\u017cesz mie\u0107 w\u0142asn\u0105 wersj\u0119 tej gry. Osio\u0142ek w szytym worku wpasuje si\u0119 idealnie mi\u0119dzy par\u0119 naszych ubra\u0144 w ka\u017cdej wakacyjnej podr\u00f3\u017cy.<\/p>\n<p>\u015arednica kr\u0105\u017ck\u00f3w wynosi 50 mm a grubo\u015b\u0107 3 mm.<br \/>\nZestaw zawiera 126 kr\u0105\u017ck\u00f3w z instrukcj\u0105.<\/p>\n","protected":false},"excerpt":{"rendered":"<p>Spersonalizowana wersja Twojego Osio\u0142ka. Po zam\u00f3wieniu skontaktujemy si\u0119 z Tob\u0105 w celu ustalenia kolorystyki zamawianej wersji.<\/p>\n","protected":false},"featured_media":214,"template":"","meta":{"spay_email":""},"product_cat":[17],"product_tag":[],"class_list":["post-39","product","type-product","status-publish","has-post-thumbnail","hentry","product_cat-gry-towarzyskie"],"_links":{"self":[{"href":"https:\/\/osiolek.eu\/index.php\/wp-json\/wp\/v2\/product\/39","targetHints":{"allow":["GET"]}}],"collection":[{"href":"https:\/\/osiolek.eu\/index.php\/wp-json\/wp\/v2\/product"}],"about":[{"href":"https:\/\/osiolek.eu\/index.php\/wp-json\/wp\/v2\/types\/product"}],"wp:featuredmedia":[{"embeddable":true,"href":"https:\/\/osiolek.eu\/index.php\/wp-json\/wp\/v2\/media\/214"}],"wp:attachment":[{"href":"https:\/\/osiolek.eu\/index.php\/wp-json\/wp\/v2\/media?parent=39"}],"wp:term":[{"taxonomy":"product_cat","embeddable":true,"href":"https:\/\/osiolek.eu\/index.php\/wp-json\/wp\/v2\/product_cat?post=39"},{"taxonomy":"product_tag","embeddable":true,"href":"https:\/\/osiolek.eu\/index.php\/wp-json\/wp\/v2\/product_tag?post=39"}],"curies":[{"name":"wp","href":"https:\/\/api.w.org\/{rel}","templated":true}]}}